{"id":293901,"date":"2024-06-06T11:16:16","date_gmt":"2024-06-06T09:16:16","guid":{"rendered":"https:\/\/dom-ucenicki-kutina.skole.hr\/?page_id=293901"},"modified":"2024-06-06T11:16:56","modified_gmt":"2024-06-06T09:16:56","slug":"293901-2","status":"publish","type":"page","link":"https:\/\/dom-ucenicki-kutina.skole.hr\/?page_id=293901","title":{"rendered":"Za\u0161tita osobnih podataka"},"content":{"rendered":"<p>[et_pb_section fb_built=&#8221;1&#8243; theme_builder_area=&#8221;post_content&#8221; _builder_version=&#8221;4.25.0&#8243; _module_preset=&#8221;default&#8221;][et_pb_row _builder_version=&#8221;4.25.0&#8243; _module_preset=&#8221;default&#8221; theme_builder_area=&#8221;post_content&#8221;][et_pb_column _builder_version=&#8221;4.25.0&#8243; _module_preset=&#8221;default&#8221; type=&#8221;4_4&#8243; theme_builder_area=&#8221;post_content&#8221;][et_pb_heading title=&#8221;Za\u0161tita osobnih podataka&#8221; _builder_version=&#8221;4.25.0&#8243; _module_preset=&#8221;default&#8221; theme_builder_area=&#8221;post_content&#8221; title_font=&#8221;|700|||||||&#8221; title_font_size=&#8221;37px&#8221; hover_enabled=&#8221;0&#8243; sticky_enabled=&#8221;0&#8243;][\/et_pb_heading][\/et_pb_column][\/et_pb_row][et_pb_row _builder_version=&#8221;4.25.0&#8243; _module_preset=&#8221;default&#8221; theme_builder_area=&#8221;post_content&#8221;][et_pb_column _builder_version=&#8221;4.25.0&#8243; _module_preset=&#8221;default&#8221; type=&#8221;4_4&#8243; theme_builder_area=&#8221;post_content&#8221;][et_pb_text _builder_version=&#8221;4.25.0&#8243; _module_preset=&#8221;default&#8221; theme_builder_area=&#8221;post_content&#8221; hover_enabled=&#8221;0&#8243; sticky_enabled=&#8221;0&#8243;]<\/p>\n<p><a href=\"https:\/\/dom-ucenicki-kutina.skole.hr\/wp-content\/uploads\/sites\/2193\/2024\/06\/Pravilnik_o_obradi_i_zastiti_osobnih_podataka.docx\" rel=\"attachment wp-att-293907\">Pravilnik o obradi i za\u0161titi osobnih podataka<\/a><\/p>\n<p><a href=\"https:\/\/dom-ucenicki-kutina.skole.hr\/wp-content\/uploads\/sites\/2193\/2024\/06\/Evidencija_obrade_aktivnosti.docx\" rel=\"attachment wp-att-293919\">Evidencija obrade aktivnosti<\/a><\/p>\n<p><a href=\"https:\/\/dom-ucenicki-kutina.skole.hr\/wp-content\/uploads\/sites\/2193\/2024\/06\/Odluka_o_imenovanju_sluzbenika_za_zastitu_osobnih_podataka.docx\" rel=\"attachment wp-att-293916\">Odluka o imenovanju slu\u017ebenika za za\u0161titu osobnih podataka<\/a><\/p>\n<p><a href=\"https:\/\/dom-ucenicki-kutina.skole.hr\/wp-content\/uploads\/sites\/2193\/2024\/06\/Pravilnik_o_informacijskoj_sigurnosti.doc\" rel=\"attachment wp-att-293910\">Pravilnik o informacijskoj sigurnosti<\/a><\/p>\n<p><a href=\"https:\/\/dom-ucenicki-kutina.skole.hr\/wp-content\/uploads\/sites\/2193\/2024\/06\/Politika_privatnosti.docx\" rel=\"attachment wp-att-293913\">Politika privatnosti<\/a><\/p>\n<p>[\/et_pb_text][\/et_pb_column][\/et_pb_row][\/et_pb_section]<\/p>\n","protected":false},"excerpt":{"rendered":"<p>Pravilnik o obradi i za\u0161titi osobnih podataka Evidencija obrade aktivnosti Odluka o imenovanju slu\u017ebenika za za\u0161titu osobnih podataka Pravilnik o informacijskoj sigurnosti Politika privatnosti<\/p>\n","protected":false},"author":3651,"featured_media":0,"parent":0,"menu_order":0,"comment_status":"closed","ping_status":"closed","template":"","meta":{"_et_pb_use_builder":"on","_et_pb_old_content":"","_et_gb_content_width":"","footnotes":""},"class_list":["post-293901","page","type-page","status-publish","hentry"],"_links":{"self":[{"href":"https:\/\/dom-ucenicki-kutina.skole.hr\/index.php?rest_route=\/wp\/v2\/pages\/293901","targetHints":{"allow":["GET"]}}],"collection":[{"href":"https:\/\/dom-ucenicki-kutina.skole.hr\/index.php?rest_route=\/wp\/v2\/pages"}],"about":[{"href":"https:\/\/dom-ucenicki-kutina.skole.hr\/index.php?rest_route=\/wp\/v2\/types\/page"}],"author":[{"embeddable":true,"href":"https:\/\/dom-ucenicki-kutina.skole.hr\/index.php?rest_route=\/wp\/v2\/users\/3651"}],"replies":[{"embeddable":true,"href":"https:\/\/dom-ucenicki-kutina.skole.hr\/index.php?rest_route=%2Fwp%2Fv2%2Fcomments&post=293901"}],"version-history":[{"count":3,"href":"https:\/\/dom-ucenicki-kutina.skole.hr\/index.php?rest_route=\/wp\/v2\/pages\/293901\/revisions"}],"predecessor-version":[{"id":293925,"href":"https:\/\/dom-ucenicki-kutina.skole.hr\/index.php?rest_route=\/wp\/v2\/pages\/293901\/revisions\/293925"}],"wp:attachment":[{"href":"https:\/\/dom-ucenicki-kutina.skole.hr\/index.php?rest_route=%2Fwp%2Fv2%2Fmedia&parent=293901"}],"curies":[{"name":"wp","href":"https:\/\/api.w.org\/{rel}","templated":true}]}}