{"id":293931,"date":"2024-06-06T11:32:51","date_gmt":"2024-06-06T09:32:51","guid":{"rendered":"https:\/\/dom-ucenicki-kutina.skole.hr\/?page_id=293931"},"modified":"2026-01-13T14:16:23","modified_gmt":"2026-01-13T13:16:23","slug":"293931-2","status":"publish","type":"page","link":"https:\/\/dom-ucenicki-kutina.skole.hr\/?page_id=293931","title":{"rendered":"Pravo na pristup informacijama"},"content":{"rendered":"<p>[et_pb_section fb_built=&#8221;1&#8243; _builder_version=&#8221;4.25.0&#8243; _module_preset=&#8221;default&#8221; global_colors_info=&#8221;{}&#8221;][et_pb_row _builder_version=&#8221;4.25.0&#8243; _module_preset=&#8221;default&#8221; global_colors_info=&#8221;{}&#8221;][et_pb_column type=&#8221;4_4&#8243; _builder_version=&#8221;4.25.0&#8243; _module_preset=&#8221;default&#8221; global_colors_info=&#8221;{}&#8221;][et_pb_heading title=&#8221;Pravo na pristup informacijama&#8221; _builder_version=&#8221;4.25.0&#8243; _module_preset=&#8221;default&#8221; title_font=&#8221;|700|||||||&#8221; title_font_size=&#8221;38px&#8221; global_colors_info=&#8221;{}&#8221;][\/et_pb_heading][\/et_pb_column][\/et_pb_row][et_pb_row _builder_version=&#8221;4.25.0&#8243; _module_preset=&#8221;default&#8221; global_colors_info=&#8221;{}&#8221;][et_pb_column type=&#8221;4_4&#8243; _builder_version=&#8221;4.25.0&#8243; _module_preset=&#8221;default&#8221; global_colors_info=&#8221;{}&#8221;][et_pb_text _builder_version=&#8221;4.25.0&#8243; _module_preset=&#8221;default&#8221; hover_enabled=&#8221;0&#8243; global_colors_info=&#8221;{}&#8221; sticky_enabled=&#8221;0&#8243;]<\/p>\n<p><a href=\"https:\/\/dom-ucenicki-kutina.skole.hr\/wp-content\/uploads\/sites\/2193\/2026\/01\/Godisnje_izvjesce-5.pdf-informiranje-2025.pdf\" rel=\"attachment wp-att-300969\">Godisnje_izvjesce (5).pdf-informiranje 2025.<\/a><\/p>\n<p><a href=\"https:\/\/www.zakon.hr\/z\/126\/Zakon-o-pravu-na-pristup-informacijama\" target=\"_blank\" rel=\"noopener\">Zakon o pravu na pristup informacijama<\/a><\/p>\n<p><a href=\"https:\/\/dom-ucenicki-kutina.skole.hr\/upload\/dom-ucenicki-kutina\/images\/static3\/783\/attachment\/Odluka_o_imenovanju_sluzbenika_za_informiranje.jpg\" target=\"_blank\" rel=\"noopener\"><\/a><a href=\"https:\/\/dom-ucenicki-kutina.skole.hr\/wp-content\/uploads\/sites\/2193\/2025\/11\/Odluka-o-imenovanju-sluzbenika-za-informiranje.pdf\" rel=\"attachment wp-att-299775\">Odluka o imenovanju slu\u017ebenika za informiranje<\/a><a href=\"https:\/\/dom-ucenicki-kutina.skole.hr\/upload\/dom-ucenicki-kutina\/images\/static3\/783\/attachment\/Odluka_o_imenovanju_sluzbenika_za_informiranje.jpg\" target=\"_blank\" rel=\"noopener\"><\/a><\/p>\n<p><a href=\"https:\/\/dom-ucenicki-kutina.skole.hr\/wp-content\/uploads\/sites\/2193\/2024\/06\/Upitnik-za-samoprocjenu-tjv_6.xls\" rel=\"attachment wp-att-293967\">Upitnik za samoprocjenu<\/a><\/p>\n<p><a href=\"https:\/\/dom-ucenicki-kutina.skole.hr\/wp-content\/uploads\/sites\/2193\/2024\/06\/Zahtjev_za_ponovnu_uporabu_informacija.doc\" rel=\"attachment wp-att-293964\">Zahtjev za ponovnu uporabu informacija<\/a><\/p>\n<p><a href=\"https:\/\/dom-ucenicki-kutina.skole.hr\/wp-content\/uploads\/sites\/2193\/2024\/06\/Obrazac_-_Zahtjev_za_pristup_informacijama.docx\" rel=\"attachment wp-att-293961\">Obrazac &#8211; Zahtjev za pristup informacijama<\/a><\/p>\n<p><a href=\"https:\/\/dom-ucenicki-kutina.skole.hr\/wp-content\/uploads\/sites\/2193\/2024\/06\/Katalog_informacija.doc\" rel=\"attachment wp-att-293958\">Katalog informacija<\/a><\/p>\n<p><a href=\"https:\/\/dom-ucenicki-kutina.skole.hr\/wp-content\/uploads\/sites\/2193\/2024\/09\/Zahtjev-za-dopunu-ili-ispravak-informacije-obrazac-3-1.doc\" rel=\"attachment wp-att-295470\">Zahtjev za dopunu ili ispravak informacije &#8211; obrazac 3<\/a><\/p>\n<p><a href=\"https:\/\/dom-ucenicki-kutina.skole.hr\/wp-content\/uploads\/sites\/2193\/2024\/09\/Obrazac-Upisnik-o-ZPI.doc\" rel=\"attachment wp-att-295476\">Obrazac-Upisnik-o-ZPI<\/a><\/p>\n<p><a href=\"https:\/\/dom-ucenicki-kutina.skole.hr\/wp-content\/uploads\/sites\/2193\/2024\/06\/Godisnje_izvjesce_za_2018.pdf\" rel=\"attachment wp-att-293952\">Godi\u0161nje izvje\u0161\u0107e za 2018.<\/a><\/p>\n<p><a href=\"https:\/\/dom-ucenicki-kutina.skole.hr\/wp-content\/uploads\/sites\/2193\/2024\/06\/Godisnje_izvjesce_o_provedbi_Zakona_o_pravu_na_pristup_informacijama_za_2019._godinu.pdf\" rel=\"attachment wp-att-293949\">Godi\u0161nje izvje\u0161\u0107e o provedbi Zakona o pravu na pristup informacijama za 2019. godinu<\/a><\/p>\n<p><a href=\"https:\/\/dom-ucenicki-kutina.skole.hr\/wp-content\/uploads\/sites\/2193\/2024\/06\/Godisnje_izvjesce_o_provedbi_Zakona_o_pravu_na_pristup_informacijama_za_2020.pdf\" rel=\"attachment wp-att-293943\">Godi\u0161nje_izvje\u0161\u0107e o provedbi Zakona o pravu na pristup informacijama za 2020.<\/a><\/p>\n<p><a href=\"https:\/\/dom-ucenicki-kutina.skole.hr\/wp-content\/uploads\/sites\/2193\/2024\/06\/Godisnje_izvjesce_-pristup_informacijama_2021.pdf\" rel=\"attachment wp-att-293946\">Godi\u0161nje izvje\u0161\u0107e -pristup informacijama 2021.<\/a><\/p>\n<p><a href=\"https:\/\/dom-ucenicki-kutina.skole.hr\/wp-content\/uploads\/sites\/2193\/2024\/06\/Godisnje_izvjesce_2022.pdf\" rel=\"attachment wp-att-293940\">Godi\u0161nje izvje\u0161\u0107e 2022.<\/a><\/p>\n<p><a href=\"https:\/\/dom-ucenicki-kutina.skole.hr\/wp-content\/uploads\/sites\/2193\/2024\/06\/Godisnje_izvjesce_2023.pdf\" rel=\"attachment wp-att-293937\">Godi\u0161nje izvje\u0161\u0107e 2023.<\/a><\/p>\n<p><a href=\"https:\/\/dom-ucenicki-kutina.skole.hr\/wp-content\/uploads\/sites\/2193\/2025\/01\/Godisnje_izvjesce.pdf\" rel=\"attachment wp-att-297345\">Godi\u0161nje izvje\u0161\u0107e 2024.<\/a><\/p>\n<p>[\/et_pb_text][\/et_pb_column][\/et_pb_row][\/et_pb_section]<\/p>\n","protected":false},"excerpt":{"rendered":"<p>Godisnje_izvjesce (5).pdf-informiranje 2025. Zakon o pravu na pristup informacijama Odluka o imenovanju slu\u017ebenika za informiranje Upitnik za samoprocjenu Zahtjev za ponovnu uporabu informacija Obrazac &#8211; Zahtjev za pristup informacijama Katalog informacija Zahtjev za dopunu ili ispravak informacije &#8211; obrazac 3 Obrazac-Upisnik-o-ZPI Godi\u0161nje izvje\u0161\u0107e za 2018. Godi\u0161nje izvje\u0161\u0107e o provedbi Zakona o pravu na pristup informacijama [&hellip;]<\/p>\n","protected":false},"author":3651,"featured_media":0,"parent":0,"menu_order":0,"comment_status":"closed","ping_status":"closed","template":"","meta":{"_et_pb_use_builder":"on","_et_pb_old_content":"","_et_gb_content_width":"","footnotes":""},"class_list":["post-293931","page","type-page","status-publish","hentry"],"_links":{"self":[{"href":"https:\/\/dom-ucenicki-kutina.skole.hr\/index.php?rest_route=\/wp\/v2\/pages\/293931","targetHints":{"allow":["GET"]}}],"collection":[{"href":"https:\/\/dom-ucenicki-kutina.skole.hr\/index.php?rest_route=\/wp\/v2\/pages"}],"about":[{"href":"https:\/\/dom-ucenicki-kutina.skole.hr\/index.php?rest_route=\/wp\/v2\/types\/page"}],"author":[{"embeddable":true,"href":"https:\/\/dom-ucenicki-kutina.skole.hr\/index.php?rest_route=\/wp\/v2\/users\/3651"}],"replies":[{"embeddable":true,"href":"https:\/\/dom-ucenicki-kutina.skole.hr\/index.php?rest_route=%2Fwp%2Fv2%2Fcomments&post=293931"}],"version-history":[{"count":8,"href":"https:\/\/dom-ucenicki-kutina.skole.hr\/index.php?rest_route=\/wp\/v2\/pages\/293931\/revisions"}],"predecessor-version":[{"id":300975,"href":"https:\/\/dom-ucenicki-kutina.skole.hr\/index.php?rest_route=\/wp\/v2\/pages\/293931\/revisions\/300975"}],"wp:attachment":[{"href":"https:\/\/dom-ucenicki-kutina.skole.hr\/index.php?rest_route=%2Fwp%2Fv2%2Fmedia&parent=293931"}],"curies":[{"name":"wp","href":"https:\/\/api.w.org\/{rel}","templated":true}]}}