{"id":294039,"date":"2024-07-12T16:18:52","date_gmt":"2024-07-12T14:18:52","guid":{"rendered":"https:\/\/dom-ucenicki-kutina.skole.hr\/?page_id=294039"},"modified":"2025-11-10T20:26:48","modified_gmt":"2025-11-10T19:26:48","slug":"aktivnosti-ucenika","status":"publish","type":"page","link":"https:\/\/dom-ucenicki-kutina.skole.hr\/?page_id=294039","title":{"rendered":"Aktivnosti u\u010denika"},"content":{"rendered":"<p>[et_pb_section fb_built=&#8221;1&#8243; admin_label=&#8221;Popular Courses&#8221; _builder_version=&#8221;4.25.0&#8243; _module_preset=&#8221;default&#8221; custom_margin=&#8221;55px||||false|false&#8221; collapsed=&#8221;on&#8221; global_colors_info=&#8221;{}&#8221;][et_pb_row _builder_version=&#8221;4.25.0&#8243; _module_preset=&#8221;default&#8221; max_width=&#8221;1280px&#8221; custom_margin=&#8221;-100px||||false|false&#8221; global_colors_info=&#8221;{}&#8221;][et_pb_column type=&#8221;4_4&#8243; _builder_version=&#8221;4.22.0&#8243; _module_preset=&#8221;default&#8221; global_colors_info=&#8221;{}&#8221;][et_pb_text _builder_version=&#8221;4.25.0&#8243; _module_preset=&#8221;d81374a9-a4d9-4615-b4ac-6fc038f07012&#8243; global_colors_info=&#8221;{}&#8221;]<\/p>\n<h2 style=\"text-align: center\">Izborni programi<\/h2>\n<p>[\/et_pb_text][\/et_pb_column][\/et_pb_row][et_pb_row column_structure=&#8221;1_3,1_3,1_3&#8243; _builder_version=&#8221;4.25.0&#8243; _module_preset=&#8221;default&#8221; max_width=&#8221;1280px&#8221; locked=&#8221;off&#8221; global_colors_info=&#8221;{}&#8221;][et_pb_column type=&#8221;1_3&#8243; _builder_version=&#8221;4.25.0&#8243; _module_preset=&#8221;default&#8221; background_color=&#8221;#FFFFFF&#8221; custom_padding=&#8221;|30px|30px|30px|false|true&#8221; link_option_url_new_window=&#8221;on&#8221; border_radii=&#8221;on|10px|10px|10px|10px&#8221; box_shadow_style=&#8221;preset4&#8243; box_shadow_horizontal=&#8221;0px&#8221; box_shadow_vertical=&#8221;60px&#8221; box_shadow_blur=&#8221;90px&#8221; box_shadow_color=&#8221;rgba(0,0,0,0.08)&#8221; global_colors_info=&#8221;{}&#8221;][et_pb_image src=&#8221;https:\/\/dom-ucenicki-kutina.skole.hr\/wp-content\/uploads\/sites\/2193\/2024\/07\/IMG-20230426-WA0017.jpg&#8221; title_text=&#8221;IMG-20230426-WA0017&#8243; _builder_version=&#8221;4.25.0&#8243; _module_preset=&#8221;default&#8221; custom_margin=&#8221;|-30px||-30px|false|true&#8221; global_colors_info=&#8221;{%22gcid-ea6a34b7-3964-4bb3-9ab0-b3684573f27e%22:%91%22background_color%22%93}&#8221;][\/et_pb_image][et_pb_text _builder_version=&#8221;4.25.0&#8243; _module_preset=&#8221;68313298-2b3b-4db4-b986-9498cf405f6b&#8221; custom_margin=&#8221;||0px||false|false&#8221; global_colors_info=&#8221;{}&#8221;]<\/p>\n<h4>Glazbeno-plesna skupina<\/h4>\n<p>[\/et_pb_text][et_pb_text _builder_version=&#8221;4.25.0&#8243; _module_preset=&#8221;0164bfe0-3ea4-4fc9-a531-d19dc6c42c84&#8243; custom_margin=&#8221;||0px||false|false&#8221; global_colors_info=&#8221;{}&#8221;]<\/p>\n<p>Voditeljica: Vesna Vukovi\u0107<\/p>\n<p>[\/et_pb_text][et_pb_button button_url=&#8221;https:\/\/dom-ucenicki-kutina.skole.hr\/?page_id=299886&#8243; button_text=&#8221;Saznaj vi\u0161e&#8221; _builder_version=&#8221;4.25.0&#8243; _module_preset=&#8221;c54960d3-cb6e-4515-9ea1-301cfe072831&#8243; global_colors_info=&#8221;{}&#8221;][\/et_pb_button][\/et_pb_column][et_pb_column type=&#8221;1_3&#8243; _builder_version=&#8221;4.22.0&#8243; _module_preset=&#8221;default&#8221; background_color=&#8221;#FFFFFF&#8221; custom_padding=&#8221;|30px|30px|30px|false|true&#8221; border_radii=&#8221;on|10px|10px|10px|10px&#8221; box_shadow_style=&#8221;preset4&#8243; box_shadow_horizontal=&#8221;0px&#8221; box_shadow_vertical=&#8221;60px&#8221; box_shadow_blur=&#8221;90px&#8221; box_shadow_color=&#8221;rgba(0,0,0,0.08)&#8221; global_colors_info=&#8221;{}&#8221;][et_pb_image src=&#8221;https:\/\/dom-ucenicki-kutina.skole.hr\/wp-content\/uploads\/sites\/2193\/2024\/07\/20230422_154310.jpg&#8221; title_text=&#8221;20230422_154310&#8243; _builder_version=&#8221;4.25.0&#8243; _module_preset=&#8221;default&#8221; custom_margin=&#8221;|-30px||-30px|false|true&#8221; locked=&#8221;off&#8221; global_colors_info=&#8221;{%22gcid-ea6a34b7-3964-4bb3-9ab0-b3684573f27e%22:%91%22background_color%22%93}&#8221;][\/et_pb_image][et_pb_text _builder_version=&#8221;4.25.0&#8243; _module_preset=&#8221;68313298-2b3b-4db4-b986-9498cf405f6b&#8221; custom_margin=&#8221;||0px||false|false&#8221; global_colors_info=&#8221;{}&#8221;]<\/p>\n<h4>Dramsko-recitatorska skupina<\/h4>\n<p>[\/et_pb_text][et_pb_text _builder_version=&#8221;4.25.0&#8243; _module_preset=&#8221;0164bfe0-3ea4-4fc9-a531-d19dc6c42c84&#8243; custom_margin=&#8221;||0px||false|false&#8221; global_colors_info=&#8221;{}&#8221;]<\/p>\n<p>Voditeljica: D\u017eemila Luka\u010d<\/p>\n<p>[\/et_pb_text][et_pb_button button_url=&#8221;https:\/\/dom-ucenicki-kutina.skole.hr\/?page_id=299937&#8243; button_text=&#8221;Saznaj vi\u0161e&#8221; _builder_version=&#8221;4.25.0&#8243; _module_preset=&#8221;c54960d3-cb6e-4515-9ea1-301cfe072831&#8243; global_colors_info=&#8221;{}&#8221;][\/et_pb_button][\/et_pb_column][et_pb_column type=&#8221;1_3&#8243; _builder_version=&#8221;4.22.0&#8243; _module_preset=&#8221;default&#8221; background_color=&#8221;#FFFFFF&#8221; custom_padding=&#8221;|30px|30px|30px|false|true&#8221; border_radii=&#8221;on|10px|10px|10px|10px&#8221; box_shadow_style=&#8221;preset4&#8243; box_shadow_horizontal=&#8221;0px&#8221; box_shadow_vertical=&#8221;60px&#8221; box_shadow_blur=&#8221;90px&#8221; box_shadow_color=&#8221;rgba(0,0,0,0.08)&#8221; global_colors_info=&#8221;{}&#8221;][et_pb_image src=&#8221;https:\/\/dom-ucenicki-kutina.skole.hr\/wp-content\/uploads\/sites\/2193\/2024\/07\/20221130_172236-1.jpg&#8221; title_text=&#8221;20221130_172236&#8243; _builder_version=&#8221;4.25.0&#8243; _module_preset=&#8221;default&#8221; min_height=&#8221;159.8px&#8221; custom_margin=&#8221;|-30px||-30px|false|true&#8221; locked=&#8221;off&#8221; global_colors_info=&#8221;{%22gcid-ea6a34b7-3964-4bb3-9ab0-b3684573f27e%22:%91%22background_color%22%93}&#8221;][\/et_pb_image][et_pb_text _builder_version=&#8221;4.25.0&#8243; _module_preset=&#8221;68313298-2b3b-4db4-b986-9498cf405f6b&#8221; custom_margin=&#8221;||0px||false|false&#8221; global_colors_info=&#8221;{}&#8221;]<\/p>\n<h4>Novinarsko-knji\u017enji\u010darska skupina<\/h4>\n<p>[\/et_pb_text][et_pb_text _builder_version=&#8221;4.25.0&#8243; _module_preset=&#8221;0164bfe0-3ea4-4fc9-a531-d19dc6c42c84&#8243; custom_margin=&#8221;||0px||false|false&#8221; global_colors_info=&#8221;{}&#8221;]<\/p>\n<p>Voditeljica: Irena \u0160uljok<\/p>\n<p>[\/et_pb_text][et_pb_button button_url=&#8221;https:\/\/dom-ucenicki-kutina.skole.hr\/?page_id=299973&#8243; button_text=&#8221;Saznaj vi\u0161e&#8221; _builder_version=&#8221;4.25.0&#8243; _module_preset=&#8221;c54960d3-cb6e-4515-9ea1-301cfe072831&#8243; global_colors_info=&#8221;{}&#8221;][\/et_pb_button][\/et_pb_column][\/et_pb_row][et_pb_row column_structure=&#8221;1_2,1_2&#8243; _builder_version=&#8221;4.25.0&#8243; _module_preset=&#8221;default&#8221; width=&#8221;44%&#8221; max_width=&#8221;1280px&#8221; locked=&#8221;off&#8221; global_colors_info=&#8221;{}&#8221;][et_pb_column type=&#8221;1_2&#8243; _builder_version=&#8221;4.22.0&#8243; _module_preset=&#8221;default&#8221; background_color=&#8221;#FFFFFF&#8221; custom_padding=&#8221;|30px|30px|30px|false|true&#8221; border_radii=&#8221;on|10px|10px|10px|10px&#8221; box_shadow_style=&#8221;preset4&#8243; box_shadow_horizontal=&#8221;0px&#8221; box_shadow_vertical=&#8221;60px&#8221; box_shadow_blur=&#8221;90px&#8221; box_shadow_color=&#8221;rgba(0,0,0,0.08)&#8221; global_colors_info=&#8221;{}&#8221;][et_pb_image src=&#8221;https:\/\/dom-ucenicki-kutina.skole.hr\/wp-content\/uploads\/sites\/2193\/2024\/07\/20230125_190744.jpg&#8221; title_text=&#8221;20230125_190744&#8243; _builder_version=&#8221;4.25.0&#8243; _module_preset=&#8221;default&#8221; custom_margin=&#8221;|-30px||-30px|false|true&#8221; locked=&#8221;off&#8221; global_colors_info=&#8221;{%22gcid-ea6a34b7-3964-4bb3-9ab0-b3684573f27e%22:%91%22background_color%22%93}&#8221;][\/et_pb_image][et_pb_text _builder_version=&#8221;4.25.0&#8243; _module_preset=&#8221;68313298-2b3b-4db4-b986-9498cf405f6b&#8221; custom_margin=&#8221;||0px||false|false&#8221; global_colors_info=&#8221;{}&#8221;]<\/p>\n<h4>Informati\u010dko-filmska skupina<\/h4>\n<p>[\/et_pb_text][et_pb_text _builder_version=&#8221;4.25.0&#8243; _module_preset=&#8221;0164bfe0-3ea4-4fc9-a531-d19dc6c42c84&#8243; custom_margin=&#8221;||0px||false|false&#8221; global_colors_info=&#8221;{}&#8221;]<\/p>\n<p>Voditeljica: Ines Gajevi\u0107<\/p>\n<p>[\/et_pb_text][et_pb_button button_url=&#8221;https:\/\/dom-ucenicki-kutina.skole.hr\/?page_id=299865&#8243; button_text=&#8221;Saznaj vi\u0161e&#8221; _builder_version=&#8221;4.25.0&#8243; _module_preset=&#8221;c54960d3-cb6e-4515-9ea1-301cfe072831&#8243; global_colors_info=&#8221;{}&#8221;][\/et_pb_button][\/et_pb_column][et_pb_column type=&#8221;1_2&#8243; _builder_version=&#8221;4.22.0&#8243; _module_preset=&#8221;default&#8221; background_color=&#8221;#FFFFFF&#8221; custom_padding=&#8221;|30px|30px|30px|false|true&#8221; border_radii=&#8221;on|10px|10px|10px|10px&#8221; box_shadow_style=&#8221;preset4&#8243; box_shadow_horizontal=&#8221;0px&#8221; box_shadow_vertical=&#8221;60px&#8221; box_shadow_blur=&#8221;90px&#8221; box_shadow_color=&#8221;rgba(0,0,0,0.08)&#8221; global_colors_info=&#8221;{}&#8221;][et_pb_image src=&#8221;https:\/\/dom-ucenicki-kutina.skole.hr\/wp-content\/uploads\/sites\/2193\/2024\/07\/20230422_102340.jpg&#8221; title_text=&#8221;20230422_102340&#8243; _builder_version=&#8221;4.25.0&#8243; _module_preset=&#8221;default&#8221; custom_margin=&#8221;|-30px||-30px|false|true&#8221; locked=&#8221;off&#8221; global_colors_info=&#8221;{%22gcid-ea6a34b7-3964-4bb3-9ab0-b3684573f27e%22:%91%22background_color%22%93}&#8221;][\/et_pb_image][et_pb_text _builder_version=&#8221;4.25.0&#8243; _module_preset=&#8221;68313298-2b3b-4db4-b986-9498cf405f6b&#8221; custom_margin=&#8221;||0px||false|false&#8221; global_colors_info=&#8221;{}&#8221;]<\/p>\n<h4>Sportska skupina<\/h4>\n<p>[\/et_pb_text][et_pb_text _builder_version=&#8221;4.25.0&#8243; _module_preset=&#8221;0164bfe0-3ea4-4fc9-a531-d19dc6c42c84&#8243; custom_margin=&#8221;||0px||false|false&#8221; global_colors_info=&#8221;{}&#8221;]<\/p>\n<p>Voditeljica: Petra Kova\u010devi\u0107<\/p>\n<p>[\/et_pb_text][et_pb_button button_url=&#8221;https:\/\/dom-ucenicki-kutina.skole.hr\/?page_id=299985&#8243; button_text=&#8221;Saznaj vi\u0161e&#8221; _builder_version=&#8221;4.25.0&#8243; _module_preset=&#8221;c54960d3-cb6e-4515-9ea1-301cfe072831&#8243; global_colors_info=&#8221;{}&#8221;][\/et_pb_button][\/et_pb_column][\/et_pb_row][\/et_pb_section][et_pb_section fb_built=&#8221;1&#8243; admin_label=&#8221;Popular Courses&#8221; _builder_version=&#8221;4.25.0&#8243; _module_preset=&#8221;default&#8221; custom_margin=&#8221;55px||||false|false&#8221; collapsed=&#8221;on&#8221; global_colors_info=&#8221;{}&#8221;][et_pb_row _builder_version=&#8221;4.25.0&#8243; _module_preset=&#8221;default&#8221; max_width=&#8221;1280px&#8221; custom_margin=&#8221;-100px||||false|false&#8221; global_colors_info=&#8221;{}&#8221;][et_pb_column type=&#8221;4_4&#8243; _builder_version=&#8221;4.22.0&#8243; _module_preset=&#8221;default&#8221; global_colors_info=&#8221;{}&#8221;][et_pb_text _builder_version=&#8221;4.25.0&#8243; _module_preset=&#8221;d81374a9-a4d9-4615-b4ac-6fc038f07012&#8243; global_colors_info=&#8221;{}&#8221;]<\/p>\n<h2 style=\"text-align: center\">Posebni programi<\/h2>\n<p>[\/et_pb_text][\/et_pb_column][\/et_pb_row][et_pb_row column_structure=&#8221;1_3,1_3,1_3&#8243; _builder_version=&#8221;4.25.0&#8243; _module_preset=&#8221;default&#8221; max_width=&#8221;1280px&#8221; locked=&#8221;off&#8221; global_colors_info=&#8221;{}&#8221;][et_pb_column type=&#8221;1_3&#8243; _builder_version=&#8221;4.25.0&#8243; _module_preset=&#8221;default&#8221; background_color=&#8221;#FFFFFF&#8221; custom_padding=&#8221;|30px|30px|30px|false|true&#8221; link_option_url_new_window=&#8221;on&#8221; border_radii=&#8221;on|10px|10px|10px|10px&#8221; box_shadow_style=&#8221;preset4&#8243; box_shadow_horizontal=&#8221;0px&#8221; box_shadow_vertical=&#8221;60px&#8221; box_shadow_blur=&#8221;90px&#8221; box_shadow_color=&#8221;rgba(0,0,0,0.08)&#8221; global_colors_info=&#8221;{}&#8221;][et_pb_image src=&#8221;https:\/\/dom-ucenicki-kutina.skole.hr\/wp-content\/uploads\/sites\/2193\/2024\/08\/pexels-mirrographer-1116302.jpg&#8221; title_text=&#8221;pexels-mirrographer-1116302&#8243; _builder_version=&#8221;4.25.0&#8243; _module_preset=&#8221;default&#8221; custom_margin=&#8221;|-30px||-30px|false|true&#8221; global_colors_info=&#8221;{%22gcid-ea6a34b7-3964-4bb3-9ab0-b3684573f27e%22:%91%22background_color%22%93}&#8221;][\/et_pb_image][et_pb_text _builder_version=&#8221;4.25.0&#8243; _module_preset=&#8221;68313298-2b3b-4db4-b986-9498cf405f6b&#8221; custom_margin=&#8221;||0px||false|false&#8221; global_colors_info=&#8221;{}&#8221;]<\/p>\n<h4>Program adaptacije<\/h4>\n<p>[\/et_pb_text][et_pb_text _builder_version=&#8221;4.25.0&#8243; _module_preset=&#8221;0164bfe0-3ea4-4fc9-a531-d19dc6c42c84&#8243; custom_margin=&#8221;||0px||false|false&#8221; global_colors_info=&#8221;{}&#8221;]<\/p>\n<p>Voditeljica: Ines Gajevi\u0107<\/p>\n<p>[\/et_pb_text][et_pb_button button_url=&#8221;https:\/\/dom-ucenicki-kutina.skole.hr\/?page_id=299832&#8243; button_text=&#8221;Saznaj vi\u0161e&#8221; _builder_version=&#8221;4.25.0&#8243; _module_preset=&#8221;c54960d3-cb6e-4515-9ea1-301cfe072831&#8243; global_colors_info=&#8221;{}&#8221;][\/et_pb_button][\/et_pb_column][et_pb_column type=&#8221;1_3&#8243; _builder_version=&#8221;4.22.0&#8243; _module_preset=&#8221;default&#8221; background_color=&#8221;#FFFFFF&#8221; custom_padding=&#8221;|30px|30px|30px|false|true&#8221; border_radii=&#8221;on|10px|10px|10px|10px&#8221; box_shadow_style=&#8221;preset4&#8243; box_shadow_horizontal=&#8221;0px&#8221; box_shadow_vertical=&#8221;60px&#8221; box_shadow_blur=&#8221;90px&#8221; box_shadow_color=&#8221;rgba(0,0,0,0.08)&#8221; global_colors_info=&#8221;{}&#8221;][et_pb_image src=&#8221;https:\/\/dom-ucenicki-kutina.skole.hr\/wp-content\/uploads\/sites\/2193\/2024\/08\/pexels-snow-white-304718-2721507.jpg&#8221; title_text=&#8221;pexels-snow-white-304718-2721507&#8243; _builder_version=&#8221;4.25.0&#8243; _module_preset=&#8221;default&#8221; custom_margin=&#8221;|-30px||-30px|false|true&#8221; global_colors_info=&#8221;{%22gcid-ea6a34b7-3964-4bb3-9ab0-b3684573f27e%22:%91%22background_color%22%93}&#8221;][\/et_pb_image][et_pb_text _builder_version=&#8221;4.25.0&#8243; _module_preset=&#8221;68313298-2b3b-4db4-b986-9498cf405f6b&#8221; custom_margin=&#8221;||0px||false|false&#8221; global_colors_info=&#8221;{}&#8221;]<\/p>\n<h4>Program kulture \u017eivljenja<\/h4>\n<p>[\/et_pb_text][et_pb_text _builder_version=&#8221;4.25.0&#8243; _module_preset=&#8221;0164bfe0-3ea4-4fc9-a531-d19dc6c42c84&#8243; custom_margin=&#8221;||0px||false|false&#8221; global_colors_info=&#8221;{}&#8221;]<\/p>\n<p>Voditeljica: Petra Kova\u010devi\u0107<\/p>\n<p>[\/et_pb_text][et_pb_button button_url=&#8221;https:\/\/dom-ucenicki-kutina.skole.hr\/?page_id=300000&#8243; button_text=&#8221;Saznaj vi\u0161e&#8221; _builder_version=&#8221;4.25.0&#8243; _module_preset=&#8221;c54960d3-cb6e-4515-9ea1-301cfe072831&#8243; global_colors_info=&#8221;{}&#8221;][\/et_pb_button][\/et_pb_column][et_pb_column type=&#8221;1_3&#8243; _builder_version=&#8221;4.22.0&#8243; _module_preset=&#8221;default&#8221; background_color=&#8221;#FFFFFF&#8221; custom_padding=&#8221;|30px|30px|30px|false|true&#8221; border_radii=&#8221;on|10px|10px|10px|10px&#8221; box_shadow_style=&#8221;preset4&#8243; box_shadow_horizontal=&#8221;0px&#8221; box_shadow_vertical=&#8221;60px&#8221; box_shadow_blur=&#8221;90px&#8221; box_shadow_color=&#8221;rgba(0,0,0,0.08)&#8221; global_colors_info=&#8221;{}&#8221;][et_pb_image src=&#8221;https:\/\/dom-ucenicki-kutina.skole.hr\/wp-content\/uploads\/sites\/2193\/2024\/08\/pexels-pixabay-47327.jpg&#8221; title_text=&#8221;pexels-pixabay-47327&#8243; _builder_version=&#8221;4.25.0&#8243; _module_preset=&#8221;default&#8221; min_height=&#8221;159.8px&#8221; custom_margin=&#8221;|-30px||-30px|false|true&#8221; locked=&#8221;off&#8221; global_colors_info=&#8221;{%22gcid-ea6a34b7-3964-4bb3-9ab0-b3684573f27e%22:%91%22background_color%22%93}&#8221;][\/et_pb_image][et_pb_text _builder_version=&#8221;4.25.0&#8243; _module_preset=&#8221;68313298-2b3b-4db4-b986-9498cf405f6b&#8221; custom_margin=&#8221;||0px||false|false&#8221; global_colors_info=&#8221;{}&#8221;]<\/p>\n<h4>Preventivni programi<\/h4>\n<p>[\/et_pb_text][et_pb_text _builder_version=&#8221;4.25.0&#8243; _module_preset=&#8221;0164bfe0-3ea4-4fc9-a531-d19dc6c42c84&#8243; custom_margin=&#8221;||0px||false|false&#8221; global_colors_info=&#8221;{}&#8221;]<\/p>\n<p>Voditeljica: D\u017eemila Luka\u010d<\/p>\n<p>[\/et_pb_text][et_pb_button button_url=&#8221;https:\/\/dom-ucenicki-kutina.skole.hr\/?page_id=300012&#8243; button_text=&#8221;Saznaj vi\u0161e&#8221; _builder_version=&#8221;4.25.0&#8243; _module_preset=&#8221;c54960d3-cb6e-4515-9ea1-301cfe072831&#8243; global_colors_info=&#8221;{}&#8221;][\/et_pb_button][\/et_pb_column][\/et_pb_row][et_pb_row column_structure=&#8221;1_3,1_3,1_3&#8243; _builder_version=&#8221;4.25.0&#8243; _module_preset=&#8221;default&#8221; max_width=&#8221;1280px&#8221; locked=&#8221;off&#8221; global_colors_info=&#8221;{}&#8221;][et_pb_column type=&#8221;1_3&#8243; _builder_version=&#8221;4.25.0&#8243; _module_preset=&#8221;default&#8221; background_color=&#8221;#FFFFFF&#8221; custom_padding=&#8221;|30px|30px|30px|false|true&#8221; link_option_url_new_window=&#8221;on&#8221; border_radii=&#8221;on|10px|10px|10px|10px&#8221; box_shadow_style=&#8221;preset4&#8243; box_shadow_horizontal=&#8221;0px&#8221; box_shadow_vertical=&#8221;60px&#8221; box_shadow_blur=&#8221;90px&#8221; box_shadow_color=&#8221;rgba(0,0,0,0.08)&#8221; global_colors_info=&#8221;{}&#8221;][et_pb_image src=&#8221;https:\/\/dom-ucenicki-kutina.skole.hr\/wp-content\/uploads\/sites\/2193\/2024\/09\/StockCake-Aid-Delivery-Operation_1725438814.jpg&#8221; title_text=&#8221;StockCake-Aid Delivery Operation_1725438814&#8243; _builder_version=&#8221;4.25.0&#8243; _module_preset=&#8221;default&#8221; custom_margin=&#8221;|-30px||-30px|false|true&#8221; global_colors_info=&#8221;{%22gcid-ea6a34b7-3964-4bb3-9ab0-b3684573f27e%22:%91%22background_color%22%93}&#8221;][\/et_pb_image][et_pb_text _builder_version=&#8221;4.25.0&#8243; _module_preset=&#8221;68313298-2b3b-4db4-b986-9498cf405f6b&#8221; custom_margin=&#8221;||0px||false|false&#8221; global_colors_info=&#8221;{}&#8221;]<\/p>\n<h4>Program Oboga\u0107ivanje \u017eivota &#8211; humanitarstvo<\/h4>\n<p>[\/et_pb_text][et_pb_text _builder_version=&#8221;4.25.0&#8243; _module_preset=&#8221;0164bfe0-3ea4-4fc9-a531-d19dc6c42c84&#8243; custom_margin=&#8221;||0px||false|false&#8221; global_colors_info=&#8221;{}&#8221;]<\/p>\n<p>Voditeljica: Petra Kova\u010devi\u0107<\/p>\n<p>[\/et_pb_text][et_pb_button button_url=&#8221;https:\/\/dom-ucenicki-kutina.skole.hr\/?page_id=300036&#8243; button_text=&#8221;Saznaj vi\u0161e&#8221; _builder_version=&#8221;4.25.0&#8243; _module_preset=&#8221;c54960d3-cb6e-4515-9ea1-301cfe072831&#8243; global_colors_info=&#8221;{}&#8221;][\/et_pb_button][\/et_pb_column][et_pb_column type=&#8221;1_3&#8243; _builder_version=&#8221;4.22.0&#8243; _module_preset=&#8221;default&#8221; background_color=&#8221;#FFFFFF&#8221; custom_padding=&#8221;|30px|30px|30px|false|true&#8221; border_radii=&#8221;on|10px|10px|10px|10px&#8221; box_shadow_style=&#8221;preset4&#8243; box_shadow_horizontal=&#8221;0px&#8221; box_shadow_vertical=&#8221;60px&#8221; box_shadow_blur=&#8221;90px&#8221; box_shadow_color=&#8221;rgba(0,0,0,0.08)&#8221; global_colors_info=&#8221;{}&#8221;][et_pb_image src=&#8221;https:\/\/dom-ucenicki-kutina.skole.hr\/wp-content\/uploads\/sites\/2193\/2024\/08\/png.jpg&#8221; title_text=&#8221;png&#8221; _builder_version=&#8221;4.25.0&#8243; _module_preset=&#8221;default&#8221; min_height=&#8221;211px&#8221; custom_margin=&#8221;|-30px||-30px|false|true&#8221; locked=&#8221;off&#8221; global_colors_info=&#8221;{%22gcid-ea6a34b7-3964-4bb3-9ab0-b3684573f27e%22:%91%22background_color%22%93}&#8221;][\/et_pb_image][et_pb_text _builder_version=&#8221;4.25.0&#8243; _module_preset=&#8221;68313298-2b3b-4db4-b986-9498cf405f6b&#8221; custom_margin=&#8221;||0px||false|false&#8221; global_colors_info=&#8221;{}&#8221;]<\/p>\n<h4>Program U\u010denik gra\u0111anin<\/h4>\n<p>[\/et_pb_text][et_pb_text _builder_version=&#8221;4.25.0&#8243; _module_preset=&#8221;0164bfe0-3ea4-4fc9-a531-d19dc6c42c84&#8243; custom_margin=&#8221;||0px||false|false&#8221; global_colors_info=&#8221;{}&#8221;]<\/p>\n<p>Voditeljica: Irena \u0160uljok<\/p>\n<p>[\/et_pb_text][et_pb_button button_text=&#8221;Saznaj vi\u0161e&#8221; _builder_version=&#8221;4.25.0&#8243; _module_preset=&#8221;c54960d3-cb6e-4515-9ea1-301cfe072831&#8243; hover_enabled=&#8221;0&#8243; global_colors_info=&#8221;{}&#8221; button_url=&#8221;https:\/\/dom-ucenicki-kutina.skole.hr\/?page_id=300051&#8243; sticky_enabled=&#8221;0&#8243;][\/et_pb_button][\/et_pb_column][et_pb_column type=&#8221;1_3&#8243; _builder_version=&#8221;4.22.0&#8243; _module_preset=&#8221;default&#8221; background_color=&#8221;#FFFFFF&#8221; custom_padding=&#8221;|30px|30px|30px|false|true&#8221; border_radii=&#8221;on|10px|10px|10px|10px&#8221; box_shadow_style=&#8221;preset4&#8243; box_shadow_horizontal=&#8221;0px&#8221; box_shadow_vertical=&#8221;60px&#8221; box_shadow_blur=&#8221;90px&#8221; box_shadow_color=&#8221;rgba(0,0,0,0.08)&#8221; global_colors_info=&#8221;{}&#8221;][et_pb_image src=&#8221;https:\/\/dom-ucenicki-kutina.skole.hr\/wp-content\/uploads\/sites\/2193\/2024\/09\/StockCake-Saving-Financial-Future_1725438960.jpg&#8221; title_text=&#8221;StockCake-Saving Financial Future_1725438960&#8243; _builder_version=&#8221;4.25.0&#8243; _module_preset=&#8221;default&#8221; min_height=&#8221;251px&#8221; custom_margin=&#8221;|-30px||-30px|false|true&#8221; locked=&#8221;off&#8221; global_colors_info=&#8221;{%22gcid-ea6a34b7-3964-4bb3-9ab0-b3684573f27e%22:%91%22background_color%22%93}&#8221;][\/et_pb_image][et_pb_text _builder_version=&#8221;4.25.0&#8243; _module_preset=&#8221;68313298-2b3b-4db4-b986-9498cf405f6b&#8221; custom_margin=&#8221;||0px||false|false&#8221; global_colors_info=&#8221;{}&#8221;]<\/p>\n<h4>Program financijske pismenosti<\/h4>\n<p>[\/et_pb_text][et_pb_text _builder_version=&#8221;4.25.0&#8243; _module_preset=&#8221;0164bfe0-3ea4-4fc9-a531-d19dc6c42c84&#8243; custom_margin=&#8221;||0px||false|false&#8221; global_colors_info=&#8221;{}&#8221;]<\/p>\n<p>Voditeljica: Ines Gajevi\u0107<\/p>\n<p>[\/et_pb_text][et_pb_button button_url=&#8221;https:\/\/dom-ucenicki-kutina.skole.hr\/?page_id=299850&#8243; button_text=&#8221;Saznaj vi\u0161e&#8221; _builder_version=&#8221;4.25.0&#8243; _module_preset=&#8221;c54960d3-cb6e-4515-9ea1-301cfe072831&#8243; global_colors_info=&#8221;{}&#8221;][\/et_pb_button][\/et_pb_column][\/et_pb_row][\/et_pb_section]<\/p>\n","protected":false},"excerpt":{"rendered":"<p>Izborni programiGlazbeno-plesna skupinaVoditeljica: Vesna Vukovi\u0107Dramsko-recitatorska skupinaVoditeljica: D\u017eemila Luka\u010dNovinarsko-knji\u017enji\u010darska skupinaVoditeljica: Irena \u0160uljokInformati\u010dko-filmska skupinaVoditeljica: Ines Gajevi\u0107Sportska skupinaVoditeljica: Petra Kova\u010devi\u0107Posebni programiProgram adaptacijeVoditeljica: Ines Gajevi\u0107Program kulture \u017eivljenjaVoditeljica: Petra Kova\u010devi\u0107Preventivni programiVoditeljica: D\u017eemila Luka\u010dProgram Oboga\u0107ivanje \u017eivota &#8211; humanitarstvoVoditeljica: Petra Kova\u010devi\u0107Program U\u010denik gra\u0111aninVoditeljica: Irena \u0160uljokProgram financijske pismenostiVoditeljica: Ines Gajevi\u0107<\/p>\n","protected":false},"author":3651,"featured_media":0,"parent":0,"menu_order":0,"comment_status":"closed","ping_status":"closed","template":"","meta":{"_et_pb_use_builder":"on","_et_pb_old_content":"","_et_gb_content_width":"","footnotes":""},"class_list":["post-294039","page","type-page","status-publish","hentry"],"_links":{"self":[{"href":"https:\/\/dom-ucenicki-kutina.skole.hr\/index.php?rest_route=\/wp\/v2\/pages\/294039","targetHints":{"allow":["GET"]}}],"collection":[{"href":"https:\/\/dom-ucenicki-kutina.skole.hr\/index.php?rest_route=\/wp\/v2\/pages"}],"about":[{"href":"https:\/\/dom-ucenicki-kutina.skole.hr\/index.php?rest_route=\/wp\/v2\/types\/page"}],"author":[{"embeddable":true,"href":"https:\/\/dom-ucenicki-kutina.skole.hr\/index.php?rest_route=\/wp\/v2\/users\/3651"}],"replies":[{"embeddable":true,"href":"https:\/\/dom-ucenicki-kutina.skole.hr\/index.php?rest_route=%2Fwp%2Fv2%2Fcomments&post=294039"}],"version-history":[{"count":16,"href":"https:\/\/dom-ucenicki-kutina.skole.hr\/index.php?rest_route=\/wp\/v2\/pages\/294039\/revisions"}],"predecessor-version":[{"id":300063,"href":"https:\/\/dom-ucenicki-kutina.skole.hr\/index.php?rest_route=\/wp\/v2\/pages\/294039\/revisions\/300063"}],"wp:attachment":[{"href":"https:\/\/dom-ucenicki-kutina.skole.hr\/index.php?rest_route=%2Fwp%2Fv2%2Fmedia&parent=294039"}],"curies":[{"name":"wp","href":"https:\/\/api.w.org\/{rel}","templated":true}]}}