{"id":62,"date":"2023-07-28T22:06:38","date_gmt":"2023-07-28T20:06:38","guid":{"rendered":"https:\/\/dom-ucenicki-kutina.skole.hr\/?page_id=62"},"modified":"2024-06-14T09:21:34","modified_gmt":"2024-06-14T07:21:34","slug":"knjiznica","status":"publish","type":"page","link":"https:\/\/dom-ucenicki-kutina.skole.hr\/?page_id=62","title":{"rendered":"Pravila pona\u0161anja"},"content":{"rendered":"<p>[et_pb_section fb_built=&#8221;1&#8243; theme_builder_area=&#8221;post_content&#8221; _builder_version=&#8221;4.25.0&#8243; _module_preset=&#8221;default&#8221;][et_pb_row _builder_version=&#8221;4.25.0&#8243; _module_preset=&#8221;default&#8221; theme_builder_area=&#8221;post_content&#8221;][et_pb_column _builder_version=&#8221;4.25.0&#8243; _module_preset=&#8221;default&#8221; type=&#8221;4_4&#8243; theme_builder_area=&#8221;post_content&#8221;][et_pb_text _builder_version=&#8221;4.25.0&#8243; _module_preset=&#8221;default&#8221; theme_builder_area=&#8221;post_content&#8221; hover_enabled=&#8221;0&#8243; sticky_enabled=&#8221;0&#8243;]<\/p>\n<div id=\"cmsmasters_row_666be20bbd71c\" class=\"cmsmasters_row cmsmasters_color_scheme_default cmsmasters_row_top_default cmsmasters_row_bot_default cmsmasters_row_boxed\">\n<div class=\"cmsmasters_row_outer_parent\">\n<div class=\"cmsmasters_row_outer\">\n<div class=\"cmsmasters_row_inner\">\n<div class=\"cmsmasters_row_margin cmsmasters_11\">\n<div class=\"cmsmasters_column one_first\">\n<div class=\"cmsmasters_text\">\n<p>Za vrijeme boravka u Domu u\u010denici su du\u017eni po\u0161tivati Ku\u0107ni red i pridr\u017eavati se pravila pona\u0161anja kako bi im \u017eivot u Domu bio ugodniji. Pravila pona\u0161anja i Ku\u0107ni red Doma jednaki su za sve u\u010denike te je njihovo po\u0161tivanje neophodno za kvalitetno funkcioniranje Doma u cjelini.<\/p>\n<p>&nbsp;<\/p>\n<h3><strong>PRAVILA U SPAVAONICAMA<\/strong><\/h3>\n<ol>\n<li><strong>Dnevni raspored de\u017eurstva u spavonicama<\/strong><span>\u00a0<\/span>u\u010denici su du\u017eni imati na vidljivom mjestu u sobi.<\/li>\n<li><strong>Nakon ustajanja u\u010denici su obavezni pospremiti spavaonicu<\/strong><span>\u00a0<\/span>\u2013 slo\u017eiti krevet, knjige, osobne stvari i odjevne predmete odlo\u017eiti na za to predvi\u0111ena mjesta. U\u010denici su du\u017eni svakodnevno odr\u017eavati \u010disto\u0107u i urednost sobe.<\/li>\n<li><strong>U\u010denici nave\u010der sami iznose otpad iz svoje spavaonice<\/strong><span>\u00a0<\/span>u spremnike za otpad na hodnicima.<\/li>\n<li><strong>Zabranjeno je \u0161aranje po namje\u0161taju i zidovima<\/strong><span>\u00a0<\/span>\u2013 kreativnost se mo\u017ee izraziti na mnogo drugih na\u010dina.<\/li>\n<li><strong>Eventualne kvarove u spavaonici u\u010denici ne smiju popravljati sami<\/strong><span>\u00a0<\/span>ve\u0107 kvar trebaju prijaviti odgajatelju. Za popravke postoji stru\u010dna osoba u Domu (domar).<\/li>\n<li><strong>Zabranjena je upotreba aparata\/potro\u0161a\u010da elektri\u010dne energije<\/strong><span>\u00a0<\/span>u spavaonicama (kuhalo, pegla, toster\u2026) jer mogu ugroziti sigurnost u\u010denika.\u00a0<\/li>\n<li><strong>Strogo je zabranjeno pu\u0161enje elektri\u010dnih cigareta i duhanskih proizvoda u svim prostorijama Doma!<\/strong><\/li>\n<li><strong>Nije dozvoljeno razmje\u0161tati namje\u0161taj<\/strong><span>\u00a0<\/span>(kreveti, radni stolovi\u2026) bez prethodnog dogovora s odgajateljem\u00a0kako ne bi do\u0161lo do nepotrebnih o\u0161te\u0107enja namje\u0161taja kao i tjelesnih ozljeda u\u010denika.<\/li>\n<li><strong>Za svako o\u0161te\u0107enje ili uni\u0161tavanje predmeta u sobi, u\u010denici \u0107e snositi materijalnu odgovornost.<\/strong><span>\u00a0<\/span>U slu\u010daju neutvr\u0111ene pojedina\u010dne odgovornosti u\u010denika, \u0161tetu \u0107e snositi svi u\u010denici smje\u0161teni u toj spavaonici.<\/li>\n<li><strong>Za nestanak osobnih stvari u\u010denika u spavaonici, Dom ne snosi odgovornost.<\/strong><\/li>\n<li><strong>Svaki u\u010denik du\u017ean je zadu\u017eiti svoj klju\u010d za spavaonicu.<\/strong><span>\u00a0<\/span>Sobe u\u010denika trebale bi biti zaklju\u010dane kada nitko ne boravi u njima.<\/li>\n<li><strong>Po\u0161tivati potrebe svih u\u010denika smje\u0161tenih u spavaonici<\/strong><span>\u00a0<\/span>(za spavanjem, u\u010denjem, odmorom\u2026) i omogu\u0107iti uzajamni mir. Svi u\u010denici trebaju se s po\u0161tovanjem odnositi jedni prema drugima (bez vrije\u0111anja, nasilja, diskriminacije, sva\u0111e te \u0161irenja neistina).<\/li>\n<\/ol>\n<p>&nbsp;<\/p>\n<\/div>\n<\/div>\n<\/div>\n<\/div>\n<\/div>\n<\/div>\n<\/div>\n<div id=\"cmsmasters_row_666be20bbd90b\" class=\"cmsmasters_row cmsmasters_color_scheme_default cmsmasters_row_top_default cmsmasters_row_bot_default cmsmasters_row_boxed\">\n<div class=\"cmsmasters_row_outer_parent\">\n<div class=\"cmsmasters_row_outer\">\n<div class=\"cmsmasters_row_inner\">\n<div class=\"cmsmasters_row_margin cmsmasters_11\">\n<div class=\"cmsmasters_column one_first\"><\/div>\n<\/div>\n<\/div>\n<\/div>\n<\/div>\n<\/div>\n<div id=\"cmsmasters_row_666be20bbda7c\" class=\"cmsmasters_row cmsmasters_color_scheme_default cmsmasters_row_top_default cmsmasters_row_bot_default cmsmasters_row_boxed\">\n<div class=\"cmsmasters_row_outer_parent\">\n<div class=\"cmsmasters_row_outer\">\n<div class=\"cmsmasters_row_inner\">\n<div class=\"cmsmasters_row_margin cmsmasters_11\">\n<div class=\"cmsmasters_column one_first\">\n<div class=\"cmsmasters_text\">\n<h3><strong>PRAVILA ZAJEDNI\u010cKIH PROSTORIJA<\/strong><\/h3>\n<ol>\n<li>U\u010denici su du\u017eni \u010duvati domsku imovinu i sprje\u010davati \u0161tetu te sudjelovati u ure\u0111enju doma i odr\u017eavanju \u010disto\u0107e zajedni\u010dkih prostorija.<\/li>\n<li>Za vrijeme u\u010denja u Domu potrebna je ti\u0161ina. U tom vremenu, aktivnosti poput glasnog slu\u0161anja glazbe, igranja pikada, stolnog tenisa i sl. se prekidaju.<\/li>\n<li>U\u010denici su du\u017eni \u010duvati svu opremu koju koriste u slobodno vrijeme (sportski rekviziti, glazbeni instrumenti, multimedijalna oprema i sl.) te ju nakon kori\u0161tenja vratiti neo\u0161te\u0107enu.<\/li>\n<li>U\u010denici su du\u017eni nakon kori\u0161tenja kupaonice, tu\u0161eva i toaleta po\u010distiti za sobom.<\/li>\n<\/ol>\n<p>Svima \u0107e nam biti ljep\u0161e, ako po\u0161tujemo pravila, i ako uva\u017eavamo jedni druge!<\/p>\n<\/div>\n<\/div>\n<\/div>\n<\/div>\n<\/div>\n<\/div>\n<\/div>\n<p>[\/et_pb_text][\/et_pb_column][\/et_pb_row][\/et_pb_section]<\/p>\n","protected":false},"excerpt":{"rendered":"<p>Za vrijeme boravka u Domu u\u010denici su du\u017eni po\u0161tivati Ku\u0107ni red i pridr\u017eavati se pravila pona\u0161anja kako bi im \u017eivot u Domu bio ugodniji. Pravila pona\u0161anja i Ku\u0107ni red Doma jednaki su za sve u\u010denike te je njihovo po\u0161tivanje neophodno za kvalitetno funkcioniranje Doma u cjelini. &nbsp; PRAVILA U SPAVAONICAMA Dnevni raspored de\u017eurstva u spavonicama\u00a0u\u010denici [&hellip;]<\/p>\n","protected":false},"author":3651,"featured_media":0,"parent":86,"menu_order":0,"comment_status":"closed","ping_status":"closed","template":"","meta":{"_et_pb_use_builder":"on","_et_pb_old_content":"<!-- wp:divi\/placeholder \/-->","_et_gb_content_width":"","footnotes":""},"class_list":["post-62","page","type-page","status-publish","hentry"],"_links":{"self":[{"href":"https:\/\/dom-ucenicki-kutina.skole.hr\/index.php?rest_route=\/wp\/v2\/pages\/62","targetHints":{"allow":["GET"]}}],"collection":[{"href":"https:\/\/dom-ucenicki-kutina.skole.hr\/index.php?rest_route=\/wp\/v2\/pages"}],"about":[{"href":"https:\/\/dom-ucenicki-kutina.skole.hr\/index.php?rest_route=\/wp\/v2\/types\/page"}],"author":[{"embeddable":true,"href":"https:\/\/dom-ucenicki-kutina.skole.hr\/index.php?rest_route=\/wp\/v2\/users\/3651"}],"replies":[{"embeddable":true,"href":"https:\/\/dom-ucenicki-kutina.skole.hr\/index.php?rest_route=%2Fwp%2Fv2%2Fcomments&post=62"}],"version-history":[{"count":2,"href":"https:\/\/dom-ucenicki-kutina.skole.hr\/index.php?rest_route=\/wp\/v2\/pages\/62\/revisions"}],"predecessor-version":[{"id":294003,"href":"https:\/\/dom-ucenicki-kutina.skole.hr\/index.php?rest_route=\/wp\/v2\/pages\/62\/revisions\/294003"}],"up":[{"embeddable":true,"href":"https:\/\/dom-ucenicki-kutina.skole.hr\/index.php?rest_route=\/wp\/v2\/pages\/86"}],"wp:attachment":[{"href":"https:\/\/dom-ucenicki-kutina.skole.hr\/index.php?rest_route=%2Fwp%2Fv2%2Fmedia&parent=62"}],"curies":[{"name":"wp","href":"https:\/\/api.w.org\/{rel}","templated":true}]}}